{"id":8140,"date":"2026-04-26T20:55:08","date_gmt":"2026-04-26T20:55:08","guid":{"rendered":"https:\/\/3kf.031.myftpupload.com\/virtual-tour\/"},"modified":"2026-04-26T22:02:25","modified_gmt":"2026-04-26T22:02:25","slug":"virtual-tour","status":"publish","type":"page","link":"https:\/\/wavemaxlaundry.com\/pt\/virtual-tour\/","title":{"rendered":"WaveMAX Virtual Tour | Step Inside a Modern Laundromat"},"content":{"rendered":"<p><div class=\"et_d4_element et_pb_section et_pb_section_0 et_pb_with_background  et_pb_css_mix_blend_mode et_section_regular et_block_section\" >\n\t\t\t\t\n\t\t\t\t\n\t\t\t\t\n\t\t\t\t\n\t\t\t\t\n\t\t\t\t\n\t\t\t\t<div class=\"et_d4_element et_pb_row et_pb_row_0  et_pb_css_mix_blend_mode et_block_row\">\n\t\t\t\t<div class=\"et_d4_element et_pb_column_4_4 et_pb_column et_pb_column_0  et_pb_css_mix_blend_mode et-last-child et_block_column\">\n\t\t\t\t\n\t\t\t\t\n\t\t\t\t\n\t\t\t\t\n\t\t\t\t<div class=\"et_pb_module et_d4_element et_pb_code et_pb_code_0\">\n\t\t\t\t\n\t\t\t\t\n\t\t\t\t\n\t\t\t\t\n\t\t\t\t<div class=\"et_pb_code_inner\"><div style=\"font-family:Poppins,sans-serif;color:#ffffff;text-align:center;\"><div style=\"display:inline-block;padding:6px 14px;background:rgba(41,182,212,0.18);border:1px solid rgba(41,182,212,0.5);border-radius:999px;font-size:11px;font-weight:800;letter-spacing:0.22em;color:#29b6d4;text-transform:uppercase;margin-bottom:24px;\">Tour virtual<\/div><h1 style=\"font-size:clamp(40px,6vw,72px);font-weight:900;line-height:1.05;letter-spacing:-0.03em;margin:0 0 24px 0;color:#ffffff;\">Entre em uma lavanderia WaveMAX de verdade.<\/h1><p style=\"font-size:clamp(17px,2vw,20px);line-height:1.55;color:rgba(255,255,255,0.85);max-width:700px;margin:0 auto;\">Caminhe por um local real do WaveMAX em 3D imersivo. Veja o equipamento, o layout, a experi\u00eancia do cliente - exatamente como um cliente faria.<\/div><\/div>\n\t\t\t<\/div>\n\t\t\t<\/div>\n\t\t\t\t\n\t\t\t\t\n\t\t\t\t\n\t\t\t\t\n\t\t\t<\/div>\n\t\t\t\t\n\t\t\t\t\n\t\t\t<\/div><br \/>\n<div class=\"et_d4_element et_pb_section et_pb_section_1 et_pb_with_background  et_pb_css_mix_blend_mode et_section_regular et_block_section\" >\n\t\t\t\t\n\t\t\t\t\n\t\t\t\t\n\t\t\t\t\n\t\t\t\t\n\t\t\t\t\n\t\t\t\t<div class=\"et_d4_element et_pb_row et_pb_row_1  et_pb_css_mix_blend_mode et_block_row\">\n\t\t\t\t<div class=\"et_d4_element et_pb_column_4_4 et_pb_column et_pb_column_1  et_pb_css_mix_blend_mode et-last-child et_block_column\">\n\t\t\t\t\n\t\t\t\t\n\t\t\t\t\n\t\t\t\t\n\t\t\t\t<div class=\"et_pb_module et_d4_element et_pb_code et_pb_code_1\">\n\t\t\t\t\n\t\t\t\t\n\t\t\t\t\n\t\t\t\t\n\t\t\t\t<div class=\"et_pb_code_inner\"><div style=\"font-family:Poppins,sans-serif;\"><div style=\"position:relative;width:100%;padding-bottom:62.5%;height:0;overflow:hidden;border-radius:18px;box-shadow:0 24px 60px rgba(21,79,130,0.18);background:#0a1929;\">    <iframe src=\"https:\/\/my.matterport.com\/show\/?m=WVGKvBC2NDJ\" title=\"Tour virtual da lavanderia WaveMAX\" frameborder=\"0\" allow=\"xr-spatial-tracking; gyroscope; accelerometer\" allowfullscreen loading=\"lazy\" style=\"position:absolute;top:0;left:0;width:100%;height:100%;border:0;border-radius:18px;\"><\/iframe>  <\/div><p style=\"text-align:center;font-size:13px;color:#9aa6b4;margin:16px 0 0 0;font-weight:500;\">Clique e arraste dentro do tour para dar uma olhada. Use os \u00edcones da casa de bonecas e da planta baixa para navegar.<\/div><\/div>\n\t\t\t<\/div>\n\t\t\t<\/div>\n\t\t\t\t\n\t\t\t\t\n\t\t\t\t\n\t\t\t\t\n\t\t\t<\/div>\n\t\t\t\t\n\t\t\t\t\n\t\t\t<\/div><br \/>\n<div class=\"et_d4_element et_pb_section et_pb_section_2 et_pb_with_background  et_pb_css_mix_blend_mode et_section_regular et_block_section\" >\n\t\t\t\t\n\t\t\t\t\n\t\t\t\t\n\t\t\t\t\n\t\t\t\t\n\t\t\t\t\n\t\t\t\t<div class=\"et_d4_element et_pb_row et_pb_row_2  et_pb_css_mix_blend_mode et_block_row\">\n\t\t\t\t<div class=\"et_d4_element et_pb_column_4_4 et_pb_column et_pb_column_2  et_pb_css_mix_blend_mode et-last-child et_block_column\">\n\t\t\t\t\n\t\t\t\t\n\t\t\t\t\n\t\t\t\t\n\t\t\t\t<div class=\"et_pb_module et_d4_element et_pb_code et_pb_code_2\">\n\t\t\t\t\n\t\t\t\t\n\t\t\t\t\n\t\t\t\t\n\t\t\t\t<div class=\"et_pb_code_inner\"><div style=\"font-family:Poppins,sans-serif;color:#2a3b4d;\"><div style=\"text-align:center;margin-bottom:40px;\"><div style=\"display:inline-block;padding:6px 14px;background:rgba(30,114,186,0.1);border-radius:999px;font-size:11px;font-weight:800;letter-spacing:0.22em;color:#154f82;text-transform:uppercase;margin-bottom:16px;\">O que voc\u00ea est\u00e1 vendo<\/div><h2 style=\"font-size:clamp(28px,3.4vw,40px);font-weight:800;color:#154f82;margin:0;line-height:1.2;letter-spacing:-0.02em;\">Uma lavanderia moderna, de cima a baixo.<\/h2><\/div><p style=\"font-size:17px;line-height:1.8;color:#4a5868;margin:0 0 20px 0;\">O tour virtual acima o conduz por uma lavanderia WaveMAX totalmente operacional, incluindo a experi\u00eancia do cliente na frente da loja, o balc\u00e3o de entrega de lavagem, secagem e dobra, a linha de equipamentos comerciais da Electrolux, as \u00e1reas de dobragem e de assentos, o banheiro e as \u00e1reas de comodidade e o espa\u00e7o operacional nos fundos da loja. Esta n\u00e3o \u00e9 uma loja modelo ou uma apresenta\u00e7\u00e3o de marketing. \u00c9 a coisa real, fotografada em opera\u00e7\u00e3o.<p style=\"font-size:17px;line-height:1.8;color:#4a5868;margin:0 0 20px 0;\">Ao navegar pelo espa\u00e7o, observe os detalhes que separam um WaveMAX moderno de um zombiemat antigo: ilumina\u00e7\u00e3o LED brilhante por toda parte, pisos e superf\u00edcies dobr\u00e1veis impec\u00e1veis, uma ampla variedade de capacidades de lavadoras e secadoras (de carregadores simples at\u00e9 m\u00e1quinas comerciais de 80 libras), assentos confort\u00e1veis, sinaliza\u00e7\u00e3o Wi-Fi gratuita, entretenimento em tela grande e a presen\u00e7a da marca WaveMAX em todas as paredes. Cada elemento \u00e9 intencional.<p style=\"font-size:17px;line-height:1.8;color:#4a5868;margin:0 0 20px 0;\">Para os futuros propriet\u00e1rios de franquias, esta \u00e9 a apar\u00eancia de sua loja. Nosso manual de constru\u00e7\u00e3o, parcerias de equipamentos e padr\u00f5es de design garantem que cada local da WaveMAX ofere\u00e7a essa mesma experi\u00eancia premium ao cliente - seja no Texas, Arizona, Colorado, Michigan ou em qualquer outro mercado em que operamos. A consist\u00eancia \u00e9 o que constr\u00f3i a marca. O tour virtual \u00e9 sua refer\u00eancia sobre o que o padr\u00e3o WaveMAX significa na pr\u00e1tica.<p style=\"font-size:17px;line-height:1.8;color:#2a3b4d;margin:0;font-weight:600;\">Para os clientes em potencial, essa \u00e9 a experi\u00eancia WaveMAX - o tipo de lavanderia que voc\u00ea realmente quer visitar, recomendar a um amigo e voltar toda semana.<\/div><\/div>\n\t\t\t<\/div>\n\t\t\t<\/div>\n\t\t\t\t\n\t\t\t\t\n\t\t\t\t\n\t\t\t\t\n\t\t\t<\/div>\n\t\t\t\t\n\t\t\t\t\n\t\t\t<\/div><br \/>\n<div class=\"et_d4_element et_pb_section et_pb_section_3 et_pb_with_background  et_pb_css_mix_blend_mode et_section_regular et_block_section\" >\n\t\t\t\t\n\t\t\t\t\n\t\t\t\t\n\t\t\t\t\n\t\t\t\t\n\t\t\t\t\n\t\t\t\t<div class=\"et_d4_element et_pb_row et_pb_row_3  et_pb_css_mix_blend_mode et_block_row\">\n\t\t\t\t<div class=\"et_d4_element et_pb_column_4_4 et_pb_column et_pb_column_3  et_pb_css_mix_blend_mode et-last-child et_block_column\">\n\t\t\t\t\n\t\t\t\t\n\t\t\t\t\n\t\t\t\t\n\t\t\t\t<div class=\"et_pb_module et_d4_element et_pb_code et_pb_code_3\">\n\t\t\t\t\n\t\t\t\t\n\t\t\t\t\n\t\t\t\t\n\t\t\t\t<div class=\"et_pb_code_inner\"><div style=\"font-family:Poppins,sans-serif;color:#2a3b4d;\"><div style=\"text-align:center;margin-bottom:48px;\"><div style=\"display:inline-block;padding:6px 14px;background:rgba(30,114,186,0.1);border-radius:999px;font-size:11px;font-weight:800;letter-spacing:0.22em;color:#154f82;text-transform:uppercase;margin-bottom:20px;\">Destaques do tour<\/div><h2 style=\"font-size:clamp(28px,3.4vw,40px);font-weight:800;color:#154f82;margin:0 0 14px 0;line-height:1.2;letter-spacing:-0.02em;\">O que procurar ao passar por ele.<\/h2><\/div><div style=\"display:grid;grid-template-columns:repeat(auto-fit,minmax(260px,1fr));gap:24px;\"><div style=\"padding:32px;background:#ffffff;border-radius:14px;border-top:3px solid #1e72ba;\"><h3 style=\"font-size:17px;font-weight:800;color:#154f82;margin:0 0 10px 0;\">Linha de equipamentos modernos<\/h3><p style=\"font-size:14px;line-height:1.65;color:#4a5868;margin:0;\">Lavadoras e secadoras de carga frontal da Electrolux em v\u00e1rios n\u00edveis de capacidade - desde m\u00e1quinas de carga \u00fanica at\u00e9 m\u00e1quinas comerciais de 80 libras para cargas pesadas.<\/div><div style=\"padding:32px;background:#ffffff;border-radius:14px;border-top:3px solid #1e72ba;\"><h3 style=\"font-size:17px;font-weight:800;color:#154f82;margin:0 0 10px 0;\">Balc\u00e3o para lavar, secar e dobrar<\/h3><p style=\"font-size:14px;line-height:1.65;color:#4a5868;margin:0;\">A \u00e1rea de servi\u00e7o de entrega dedicada onde os atendentes pesam, etiquetam e encaminham a roupa do cliente pelo fluxo de trabalho do WDF.<\/div><div style=\"padding:32px;background:#ffffff;border-radius:14px;border-top:3px solid #1e72ba;\"><h3 style=\"font-size:17px;font-weight:800;color:#154f82;margin:0 0 10px 0;\">Zonas de conforto do cliente<\/h3><p style=\"font-size:14px;line-height:1.65;color:#4a5868;margin:0;\">Assentos confort\u00e1veis, entretenimento em tela grande, Wi-Fi gratuito, ar-condicionado e comodidades que os clientes realmente desejam durante a visita.<\/div><div style=\"padding:32px;background:#ffffff;border-radius:14px;border-top:3px solid #1e72ba;\"><h3 style=\"font-size:17px;font-weight:800;color:#154f82;margin:0 0 10px 0;\">Esta\u00e7\u00f5es de dobragem e prepara\u00e7\u00e3o<\/h3><p style=\"font-size:14px;line-height:1.65;color:#4a5868;margin:0;\">Mesas dobr\u00e1veis generosas e balc\u00f5es de prepara\u00e7\u00e3o com espa\u00e7o adequado para v\u00e1rios clientes trabalharem simultaneamente sem aglomera\u00e7\u00e3o.<\/div><div style=\"padding:32px;background:#ffffff;border-radius:14px;border-top:3px solid #1e72ba;\"><h3 style=\"font-size:17px;font-weight:800;color:#154f82;margin:0 0 10px 0;\">Presen\u00e7a da marca<\/h3><p style=\"font-size:14px;line-height:1.65;color:#4a5868;margin:0;\">Sinaliza\u00e7\u00e3o WaveMAX consistente, paleta de cores e identidade visual em toda a loja - o polimento que indica um verdadeiro neg\u00f3cio de varejo.<\/div><div style=\"padding:32px;background:#ffffff;border-radius:14px;border-top:3px solid #1e72ba;\"><h3 style=\"font-size:17px;font-weight:800;color:#154f82;margin:0 0 10px 0;\">Back-of-House<\/h3><p style=\"font-size:14px;line-height:1.65;color:#4a5868;margin:0;\">As \u00e1reas operacionais que os clientes n\u00e3o veem - acesso ao servi\u00e7o de equipamentos, armazenamento de suprimentos e os espa\u00e7os que d\u00e3o suporte a opera\u00e7\u00f5es di\u00e1rias tranquilas.<\/div><\/div><\/div><\/div>\n\t\t\t<\/div>\n\t\t\t<\/div>\n\t\t\t\t\n\t\t\t\t\n\t\t\t\t\n\t\t\t\t\n\t\t\t<\/div>\n\t\t\t\t\n\t\t\t\t\n\t\t\t<\/div><br \/>\n<div class=\"et_d4_element et_pb_section et_pb_section_4 et_pb_with_background  et_pb_css_mix_blend_mode et_section_regular et_block_section\" >\n\t\t\t\t\n\t\t\t\t\n\t\t\t\t\n\t\t\t\t\n\t\t\t\t\n\t\t\t\t\n\t\t\t\t<div class=\"et_d4_element et_pb_row et_pb_row_4  et_pb_css_mix_blend_mode et_block_row\">\n\t\t\t\t<div class=\"et_d4_element et_pb_column_4_4 et_pb_column et_pb_column_4  et_pb_css_mix_blend_mode et-last-child et_block_column\">\n\t\t\t\t\n\t\t\t\t\n\t\t\t\t\n\t\t\t\t\n\t\t\t\t<div class=\"et_pb_module et_d4_element et_pb_code et_pb_code_4\">\n\t\t\t\t\n\t\t\t\t\n\t\t\t\t\n\t\t\t\t\n\t\t\t\t<div class=\"et_pb_code_inner\"><div style=\"font-family:Poppins,sans-serif;text-align:center;background:linear-gradient(135deg,#154f82 0%,#1e72ba 100%);padding:60px 40px;border-radius:24px;color:#ffffff;box-shadow:0 24px 60px rgba(21,79,130,0.2);\"><h2 style=\"font-size:clamp(28px,3.6vw,38px);font-weight:800;color:#ffffff;margin:0 0 16px 0;line-height:1.2;letter-spacing:-0.02em;\">Quer ver um pessoalmente?<\/h2><p style=\"font-size:16px;line-height:1.6;color:rgba(255,255,255,0.88);margin:0 0 32px 0;max-width:560px;margin-left:auto;margin-right:auto;\">O Discovery Day \u00e9 a sua chance de andar em um WaveMAX real, conhecer a equipe e validar tudo o que viu.  <a href=\"\/pt\/contact\/\" style=\"display:inline-block;background:#ffffff;color:#154f82;padding:18px 42px;border-radius:999px;text-decoration:none;font-size:13px;font-weight:800;letter-spacing:0.16em;text-transform:uppercase;box-shadow:0 12px 32px rgba(0,0,0,0.15);\">Agendar o Discovery Day \u2192<\/a><\/div><\/div>\n\t\t\t<\/div>\n\t\t\t<\/div>\n\t\t\t\t\n\t\t\t\t\n\t\t\t\t\n\t\t\t\t\n\t\t\t<\/div>\n\t\t\t\t\n\t\t\t\t\n\t\t\t<\/div><\/p>","protected":false},"excerpt":{"rendered":"","protected":false},"author":1,"featured_media":0,"parent":0,"menu_order":0,"comment_status":"closed","ping_status":"closed","template":"","meta":{"_acf_changed":false,"phone_number":"","address":"","times":"","business_hours":"","google_maps_url":"","wdf_price":"","wdf_minimum":"","wdf_standard_price":"","wdf_24_hour_rush_price":"","wdf_includes_hangers":"","wdf_detergent_included":"","wdf_color_sorting":"","wdf_same_day_available":"","wdf_promo_bar_text":"","google_rating":"","facebook_url":"","instagram_url":"","google_review_url":"","promo_bar":"","owner_name":"","neighborhood":"","contact_email":"","app_url":"","ss_price_min":"","ss_price_max":"","ss_dryer_price":"","ss_dryer_minutes":"","num_washers":"","num_dryers":"","pickup_delivery_url":"","pickup_delivery_price":"","testimonial_1_name":"","testimonial_1_text":"","testimonial_1_rating":"","testimonial_2_name":"","testimonial_2_text":"","testimonial_2_rating":"","testimonial_3_name":"","testimonial_3_text":"","testimonial_3_rating":"","city":"","state":"","zip":"","last_wash_time":"","promo_bar_text":"","postal_code":"","location_video_url":"","google_place_id":"","latitude":"","longitude":"","pickup_delivery_available":false,"is_open":false,"ghl_api_token":"","ghl_location_id":"","ghl_webhook_url":"","_et_pb_use_builder":"on","_et_pb_old_content":"","_et_gb_content_width":"","_et_pb_page_layout":"","local_video_url":"","news_video_html":"","footnotes":""},"class_list":["post-8140","page","type-page","status-publish","hentry"],"acf":[],"_links":{"self":[{"href":"https:\/\/wavemaxlaundry.com\/pt\/wp-json\/wp\/v2\/pages\/8140","targetHints":{"allow":["GET"]}}],"collection":[{"href":"https:\/\/wavemaxlaundry.com\/pt\/wp-json\/wp\/v2\/pages"}],"about":[{"href":"https:\/\/wavemaxlaundry.com\/pt\/wp-json\/wp\/v2\/types\/page"}],"author":[{"embeddable":true,"href":"https:\/\/wavemaxlaundry.com\/pt\/wp-json\/wp\/v2\/users\/1"}],"replies":[{"embeddable":true,"href":"https:\/\/wavemaxlaundry.com\/pt\/wp-json\/wp\/v2\/comments?post=8140"}],"version-history":[{"count":2,"href":"https:\/\/wavemaxlaundry.com\/pt\/wp-json\/wp\/v2\/pages\/8140\/revisions"}],"predecessor-version":[{"id":8157,"href":"https:\/\/wavemaxlaundry.com\/pt\/wp-json\/wp\/v2\/pages\/8140\/revisions\/8157"}],"wp:attachment":[{"href":"https:\/\/wavemaxlaundry.com\/pt\/wp-json\/wp\/v2\/media?parent=8140"}],"curies":[{"name":"wp","href":"https:\/\/api.w.org\/{rel}","templated":true}]}}